{"id":2032,"date":"2024-07-29T23:56:17","date_gmt":"2024-07-29T23:56:17","guid":{"rendered":"https:\/\/17radio.org\/?page_id=2032"},"modified":"2024-07-29T23:56:17","modified_gmt":"2024-07-29T23:56:17","slug":"andres-gordillo","status":"publish","type":"page","link":"https:\/\/17radio.org\/index.php\/andres-gordillo\/","title":{"rendered":"Andr\u00e9s Gordillo"},"content":{"rendered":"<p>Fue voluntario en \u201cPosada Bel\u00e9n. Casa del Migrante de Saltillo\u201d de 2012 \u2013 2013. En verano de 2013 asisti\u00f3 al Taller de Creaci\u00f3n Literaria organizado por la Fundaci\u00f3n para las Letras Mexicanas. Curs\u00f3 la licenciatura en Historia por la Universidad Iberoamericana Ciudad de M\u00e9xico. Actualmente cursa sus estudios de posgrado en 17, Instituto de Estudios Cr\u00edticos, donde coordina el \u00e1rea de Estudios de la historicidad y lleva un programa de radio: La gallina ciega.<\/p>\n","protected":false},"excerpt":{"rendered":"<p>Fue voluntario en \u201cPosada Bel\u00e9n. Casa del Migrante de Saltillo\u201d de 2012 \u2013 2013. En verano de 2013 asisti\u00f3 al Taller de Creaci\u00f3n Literaria organizado por la Fundaci\u00f3n para las Letras Mexicanas. Curs\u00f3 la licenciatura en Historia por la Universidad Iberoamericana Ciudad de M\u00e9xico. Actualmente cursa sus estudios de posgrado en 17, Instituto de Estudios [&hellip;]<\/p>\n","protected":false},"author":12,"featured_media":0,"parent":0,"menu_order":0,"comment_status":"closed","ping_status":"closed","template":"","meta":{"_acf_changed":false,"footnotes":""},"categories":[],"tags":[],"class_list":["post-2032","page","type-page","status-publish","hentry"],"acf":[],"_links":{"self":[{"href":"https:\/\/17radio.org\/index.php\/wp-json\/wp\/v2\/pages\/2032","targetHints":{"allow":["GET"]}}],"collection":[{"href":"https:\/\/17radio.org\/index.php\/wp-json\/wp\/v2\/pages"}],"about":[{"href":"https:\/\/17radio.org\/index.php\/wp-json\/wp\/v2\/types\/page"}],"author":[{"embeddable":true,"href":"https:\/\/17radio.org\/index.php\/wp-json\/wp\/v2\/users\/12"}],"replies":[{"embeddable":true,"href":"https:\/\/17radio.org\/index.php\/wp-json\/wp\/v2\/comments?post=2032"}],"version-history":[{"count":1,"href":"https:\/\/17radio.org\/index.php\/wp-json\/wp\/v2\/pages\/2032\/revisions"}],"predecessor-version":[{"id":2033,"href":"https:\/\/17radio.org\/index.php\/wp-json\/wp\/v2\/pages\/2032\/revisions\/2033"}],"wp:attachment":[{"href":"https:\/\/17radio.org\/index.php\/wp-json\/wp\/v2\/media?parent=2032"}],"wp:term":[{"taxonomy":"category","embeddable":true,"href":"https:\/\/17radio.org\/index.php\/wp-json\/wp\/v2\/categories?post=2032"},{"taxonomy":"post_tag","embeddable":true,"href":"https:\/\/17radio.org\/index.php\/wp-json\/wp\/v2\/tags?post=2032"}],"curies":[{"name":"wp","href":"https:\/\/api.w.org\/{rel}","templated":true}]}}