{"id":1575,"date":"2023-09-18T16:53:03","date_gmt":"2023-09-18T16:53:03","guid":{"rendered":"https:\/\/17radio.org\/?page_id=1575"},"modified":"2023-09-18T16:53:03","modified_gmt":"2023-09-18T16:53:03","slug":"ana-cecilia-terrazas","status":"publish","type":"page","link":"https:\/\/17radio.org\/index.php\/ana-cecilia-terrazas\/","title":{"rendered":"Ana Cecilia Terrazas"},"content":{"rendered":"<p>Es licenciada en Comunicaci\u00f3n por la Universidad Iberoamericana, con especialidad en periodismo y es Maestra en Teor\u00eda Cr\u00edtica por el 17, Instituto de Estudios Cr\u00edticos. Tiene 32 a\u00f1os de experiencia laboral en comunicaci\u00f3n y periodismo impreso, radio y televisi\u00f3n; tanto en empresas privadas como en p\u00fablicas. En el centro de su inter\u00e9s est\u00e1 el cruce entre el periodismo, el paisaje sonoro y la responsabilidad social y \u00e9tica en los contenidos\u00a0medi\u00e1ticos.<\/p>\n","protected":false},"excerpt":{"rendered":"<p>Es licenciada en Comunicaci\u00f3n por la Universidad Iberoamericana, con especialidad en periodismo y es Maestra en Teor\u00eda Cr\u00edtica por el 17, Instituto de Estudios Cr\u00edticos. Tiene 32 a\u00f1os de experiencia laboral en comunicaci\u00f3n y periodismo impreso, radio y televisi\u00f3n; tanto en empresas privadas como en p\u00fablicas. En el centro de su inter\u00e9s est\u00e1 el cruce [&hellip;]<\/p>\n","protected":false},"author":12,"featured_media":0,"parent":0,"menu_order":0,"comment_status":"closed","ping_status":"closed","template":"","meta":{"_acf_changed":false,"footnotes":""},"categories":[],"tags":[],"class_list":["post-1575","page","type-page","status-publish","hentry"],"acf":[],"_links":{"self":[{"href":"https:\/\/17radio.org\/index.php\/wp-json\/wp\/v2\/pages\/1575","targetHints":{"allow":["GET"]}}],"collection":[{"href":"https:\/\/17radio.org\/index.php\/wp-json\/wp\/v2\/pages"}],"about":[{"href":"https:\/\/17radio.org\/index.php\/wp-json\/wp\/v2\/types\/page"}],"author":[{"embeddable":true,"href":"https:\/\/17radio.org\/index.php\/wp-json\/wp\/v2\/users\/12"}],"replies":[{"embeddable":true,"href":"https:\/\/17radio.org\/index.php\/wp-json\/wp\/v2\/comments?post=1575"}],"version-history":[{"count":1,"href":"https:\/\/17radio.org\/index.php\/wp-json\/wp\/v2\/pages\/1575\/revisions"}],"predecessor-version":[{"id":1576,"href":"https:\/\/17radio.org\/index.php\/wp-json\/wp\/v2\/pages\/1575\/revisions\/1576"}],"wp:attachment":[{"href":"https:\/\/17radio.org\/index.php\/wp-json\/wp\/v2\/media?parent=1575"}],"wp:term":[{"taxonomy":"category","embeddable":true,"href":"https:\/\/17radio.org\/index.php\/wp-json\/wp\/v2\/categories?post=1575"},{"taxonomy":"post_tag","embeddable":true,"href":"https:\/\/17radio.org\/index.php\/wp-json\/wp\/v2\/tags?post=1575"}],"curies":[{"name":"wp","href":"https:\/\/api.w.org\/{rel}","templated":true}]}}