{"id":1572,"date":"2023-09-18T16:52:32","date_gmt":"2023-09-18T16:52:32","guid":{"rendered":"https:\/\/17radio.org\/?page_id=1572"},"modified":"2023-09-18T16:52:32","modified_gmt":"2023-09-18T16:52:32","slug":"miguel-angel-quemain","status":"publish","type":"page","link":"https:\/\/17radio.org\/index.php\/miguel-angel-quemain\/","title":{"rendered":"Miguel \u00c1ngel Quemain"},"content":{"rendered":"<p>Es licenciado en Comunicaci\u00f3n y Periodismo por la UNAM, y tiene una maestr\u00eda y doctorado en Psicoterapia Psicoanal\u00edtica por el Centro Eleia. Es maestro tambi\u00e9n por la UAM Azcapotzalco en Literatura mexicana contempor\u00e1nea. Es autor de los libros: Reverso de la palabra (1996), Voces cruzadas, Lo femenino, literatura y creaci\u00f3n (2009) y Pierre Bourdieu, el intelectual polivalente (2006), Periplos del Acta de Independencia (2010). Es colaborador de La Jornada Semanal, suplemento dominical del diario La Jornada. Conduce Primer movimiento, el programa informativo y de an\u00e1lisis matutino en Radio UNAM. Es profesor de Apreciaci\u00f3n cinematogr\u00e1fica, del Seminario de Literatura y Comunicaci\u00f3n y de los Seminarios de Investigaci\u00f3n y Metodolog\u00eda en La Facultad de Estudios Superiores Arag\u00f3n. Actualmente elabora un trabajo de investigaci\u00f3n sobre el cine mixteco de \u00c1ngeles Cruz como parte del Programa de Posgrado en Estudios Pol\u00edticos de la Facultad de Ciencias Pol\u00edticas y Sociales de la UNAM.<\/p>\n","protected":false},"excerpt":{"rendered":"<p>Es licenciado en Comunicaci\u00f3n y Periodismo por la UNAM, y tiene una maestr\u00eda y doctorado en Psicoterapia Psicoanal\u00edtica por el Centro Eleia. Es maestro tambi\u00e9n por la UAM Azcapotzalco en Literatura mexicana contempor\u00e1nea. Es autor de los libros: Reverso de la palabra (1996), Voces cruzadas, Lo femenino, literatura y creaci\u00f3n (2009) y Pierre Bourdieu, el [&hellip;]<\/p>\n","protected":false},"author":12,"featured_media":0,"parent":0,"menu_order":0,"comment_status":"closed","ping_status":"closed","template":"","meta":{"_acf_changed":false,"footnotes":""},"categories":[],"tags":[],"class_list":["post-1572","page","type-page","status-publish","hentry"],"acf":[],"_links":{"self":[{"href":"https:\/\/17radio.org\/index.php\/wp-json\/wp\/v2\/pages\/1572","targetHints":{"allow":["GET"]}}],"collection":[{"href":"https:\/\/17radio.org\/index.php\/wp-json\/wp\/v2\/pages"}],"about":[{"href":"https:\/\/17radio.org\/index.php\/wp-json\/wp\/v2\/types\/page"}],"author":[{"embeddable":true,"href":"https:\/\/17radio.org\/index.php\/wp-json\/wp\/v2\/users\/12"}],"replies":[{"embeddable":true,"href":"https:\/\/17radio.org\/index.php\/wp-json\/wp\/v2\/comments?post=1572"}],"version-history":[{"count":1,"href":"https:\/\/17radio.org\/index.php\/wp-json\/wp\/v2\/pages\/1572\/revisions"}],"predecessor-version":[{"id":1573,"href":"https:\/\/17radio.org\/index.php\/wp-json\/wp\/v2\/pages\/1572\/revisions\/1573"}],"wp:attachment":[{"href":"https:\/\/17radio.org\/index.php\/wp-json\/wp\/v2\/media?parent=1572"}],"wp:term":[{"taxonomy":"category","embeddable":true,"href":"https:\/\/17radio.org\/index.php\/wp-json\/wp\/v2\/categories?post=1572"},{"taxonomy":"post_tag","embeddable":true,"href":"https:\/\/17radio.org\/index.php\/wp-json\/wp\/v2\/tags?post=1572"}],"curies":[{"name":"wp","href":"https:\/\/api.w.org\/{rel}","templated":true}]}}