{"id":1569,"date":"2023-09-18T16:51:46","date_gmt":"2023-09-18T16:51:46","guid":{"rendered":"https:\/\/17radio.org\/?page_id=1569"},"modified":"2023-09-18T16:51:46","modified_gmt":"2023-09-18T16:51:46","slug":"carmen-limon","status":"publish","type":"page","link":"https:\/\/17radio.org\/index.php\/carmen-limon\/","title":{"rendered":"Carmen Lim\u00f3n"},"content":{"rendered":"<p>Es egresada de la carrera de Comunicaci\u00f3n de la Universidad Iberoamericana. Por m\u00e1s de tres d\u00e9cadas ha centrado su actividad profesional en los medios p\u00fablicos y universitarios, especialmente en la radio, para la cual ha adaptado una decena de novelas y obras teatrales de diversos autores. En a\u00f1os recientes, tambi\u00e9n ha enfocado su inter\u00e9s profesional en la preservaci\u00f3n de documentos sonoros. Actualmente es Subdirectora de Programaci\u00f3n de Radio UNAM.<\/p>\n","protected":false},"excerpt":{"rendered":"<p>Es egresada de la carrera de Comunicaci\u00f3n de la Universidad Iberoamericana. Por m\u00e1s de tres d\u00e9cadas ha centrado su actividad profesional en los medios p\u00fablicos y universitarios, especialmente en la radio, para la cual ha adaptado una decena de novelas y obras teatrales de diversos autores. En a\u00f1os recientes, tambi\u00e9n ha enfocado su inter\u00e9s profesional [&hellip;]<\/p>\n","protected":false},"author":12,"featured_media":0,"parent":0,"menu_order":0,"comment_status":"closed","ping_status":"closed","template":"","meta":{"_acf_changed":false,"footnotes":""},"categories":[],"tags":[],"class_list":["post-1569","page","type-page","status-publish","hentry"],"acf":[],"_links":{"self":[{"href":"https:\/\/17radio.org\/index.php\/wp-json\/wp\/v2\/pages\/1569","targetHints":{"allow":["GET"]}}],"collection":[{"href":"https:\/\/17radio.org\/index.php\/wp-json\/wp\/v2\/pages"}],"about":[{"href":"https:\/\/17radio.org\/index.php\/wp-json\/wp\/v2\/types\/page"}],"author":[{"embeddable":true,"href":"https:\/\/17radio.org\/index.php\/wp-json\/wp\/v2\/users\/12"}],"replies":[{"embeddable":true,"href":"https:\/\/17radio.org\/index.php\/wp-json\/wp\/v2\/comments?post=1569"}],"version-history":[{"count":1,"href":"https:\/\/17radio.org\/index.php\/wp-json\/wp\/v2\/pages\/1569\/revisions"}],"predecessor-version":[{"id":1570,"href":"https:\/\/17radio.org\/index.php\/wp-json\/wp\/v2\/pages\/1569\/revisions\/1570"}],"wp:attachment":[{"href":"https:\/\/17radio.org\/index.php\/wp-json\/wp\/v2\/media?parent=1569"}],"wp:term":[{"taxonomy":"category","embeddable":true,"href":"https:\/\/17radio.org\/index.php\/wp-json\/wp\/v2\/categories?post=1569"},{"taxonomy":"post_tag","embeddable":true,"href":"https:\/\/17radio.org\/index.php\/wp-json\/wp\/v2\/tags?post=1569"}],"curies":[{"name":"wp","href":"https:\/\/api.w.org\/{rel}","templated":true}]}}