{"id":1552,"date":"2023-09-15T03:15:17","date_gmt":"2023-09-15T03:15:17","guid":{"rendered":"https:\/\/17radio.org\/?page_id=1552"},"modified":"2025-11-08T21:37:57","modified_gmt":"2025-11-08T21:37:57","slug":"raul-velasquez","status":"publish","type":"page","link":"https:\/\/17radio.org\/index.php\/raul-velasquez\/","title":{"rendered":"Abel S\u00e1nchez Vald\u00e9s"},"content":{"rendered":"<p>Egresado de la Licenciatura en Dise\u00f1o Gr\u00e1fico por la Universidad Aut\u00f3noma de Coahuila. En 2021 hizo una formaci\u00f3n en <i>UX Research<\/i>\u00a0en Sperientia Studio Lab. Actualmente cursa la maestr\u00eda en 17, Instituto de Estudios Cr\u00edticos. Colabora como webmaster en la sociedad de conocimiento Mindshop Cafe y con el\u00a0<i>think tank<\/i>\u00a0World Capital Institute. Forma parte del cuerpo docente\u00a0de la Maestr\u00eda en Arte y Dise\u00f1o de la Facultad de Artes Pl\u00e1sticas de la U.A. de C. Vive en Saltillo, practica\u00a0Muay Thai y, a veces, hace graffiti.\u00a0Sus intereses comprenden el pensamiento pol\u00edtico, el pensamiento est\u00e9tico y el psicoan\u00e1lisis.<\/p>\n","protected":false},"excerpt":{"rendered":"<p>Egresado de la Licenciatura en Dise\u00f1o Gr\u00e1fico por la Universidad Aut\u00f3noma de Coahuila. En 2021 hizo una formaci\u00f3n en UX Research\u00a0en Sperientia Studio Lab. Actualmente cursa la maestr\u00eda en 17, Instituto de Estudios Cr\u00edticos. Colabora como webmaster en la sociedad de conocimiento Mindshop Cafe y con el\u00a0think tank\u00a0World Capital Institute. Forma parte del cuerpo docente\u00a0de [&hellip;]<\/p>\n","protected":false},"author":12,"featured_media":0,"parent":0,"menu_order":0,"comment_status":"closed","ping_status":"closed","template":"","meta":{"_acf_changed":false,"footnotes":""},"categories":[],"tags":[],"class_list":["post-1552","page","type-page","status-publish","hentry"],"acf":[],"_links":{"self":[{"href":"https:\/\/17radio.org\/index.php\/wp-json\/wp\/v2\/pages\/1552","targetHints":{"allow":["GET"]}}],"collection":[{"href":"https:\/\/17radio.org\/index.php\/wp-json\/wp\/v2\/pages"}],"about":[{"href":"https:\/\/17radio.org\/index.php\/wp-json\/wp\/v2\/types\/page"}],"author":[{"embeddable":true,"href":"https:\/\/17radio.org\/index.php\/wp-json\/wp\/v2\/users\/12"}],"replies":[{"embeddable":true,"href":"https:\/\/17radio.org\/index.php\/wp-json\/wp\/v2\/comments?post=1552"}],"version-history":[{"count":4,"href":"https:\/\/17radio.org\/index.php\/wp-json\/wp\/v2\/pages\/1552\/revisions"}],"predecessor-version":[{"id":2334,"href":"https:\/\/17radio.org\/index.php\/wp-json\/wp\/v2\/pages\/1552\/revisions\/2334"}],"wp:attachment":[{"href":"https:\/\/17radio.org\/index.php\/wp-json\/wp\/v2\/media?parent=1552"}],"wp:term":[{"taxonomy":"category","embeddable":true,"href":"https:\/\/17radio.org\/index.php\/wp-json\/wp\/v2\/categories?post=1552"},{"taxonomy":"post_tag","embeddable":true,"href":"https:\/\/17radio.org\/index.php\/wp-json\/wp\/v2\/tags?post=1552"}],"curies":[{"name":"wp","href":"https:\/\/api.w.org\/{rel}","templated":true}]}}