{"id":1545,"date":"2023-09-15T03:05:40","date_gmt":"2023-09-15T03:05:40","guid":{"rendered":"https:\/\/17radio.org\/?page_id=1545"},"modified":"2025-11-08T21:35:04","modified_gmt":"2025-11-08T21:35:04","slug":"cynthia-lopez","status":"publish","type":"page","link":"https:\/\/17radio.org\/index.php\/cynthia-lopez\/","title":{"rendered":"Cynthia L\u00f3pez"},"content":{"rendered":"<p><span style=\"font-weight: 400;\">Nac\u00ed y crec\u00ed en Chihuahua y a partir de los 20 a\u00f1os he cambiado 6 veces de residencia, dentro y fuera de M\u00e9xico, actualmente vivo en M\u00e9rida, Yucat\u00e1n. Licenciada en Educaci\u00f3n Preescolar por la Universidad Aut\u00f3noma de Guadalajara, y Master en Educaci\u00f3n por Monash University en Melbourne, Australia. Mi inter\u00e9s se sit\u00faa en el campo educativo desde un enfoque desde la ni\u00f1ez\/infancias cr\u00edticas, pedagog\u00edas m\u00e1s que humanas y la construcci\u00f3n del com\u00fan. La radio es una tecnolog\u00eda con la que he convivido de manera constante y cercana desde ni\u00f1a, y mi incorporaci\u00f3n con 17, Radio surge por un inter\u00e9s por experimentar la relaci\u00f3n pr\u00e1ctica-t\u00e9cnica del hacer con la radio y la comunidad. Doctorante de Teor\u00eda Cr\u00edtica en 17, Instituto de Estudios Cr\u00edticos en pedagog\u00edas m\u00e1s-que-humanas e infancias cr\u00edticas.\u00a0<\/span><\/p>\n","protected":false},"excerpt":{"rendered":"<p>Nac\u00ed y crec\u00ed en Chihuahua y a partir de los 20 a\u00f1os he cambiado 6 veces de residencia, dentro y fuera de M\u00e9xico, actualmente vivo en M\u00e9rida, Yucat\u00e1n. Licenciada en Educaci\u00f3n Preescolar por la Universidad Aut\u00f3noma de Guadalajara, y Master en Educaci\u00f3n por Monash University en Melbourne, Australia. Mi inter\u00e9s se sit\u00faa en el campo [&hellip;]<\/p>\n","protected":false},"author":1,"featured_media":0,"parent":0,"menu_order":0,"comment_status":"closed","ping_status":"closed","template":"","meta":{"_acf_changed":false,"footnotes":""},"categories":[],"tags":[],"class_list":["post-1545","page","type-page","status-publish","hentry"],"acf":[],"_links":{"self":[{"href":"https:\/\/17radio.org\/index.php\/wp-json\/wp\/v2\/pages\/1545","targetHints":{"allow":["GET"]}}],"collection":[{"href":"https:\/\/17radio.org\/index.php\/wp-json\/wp\/v2\/pages"}],"about":[{"href":"https:\/\/17radio.org\/index.php\/wp-json\/wp\/v2\/types\/page"}],"author":[{"embeddable":true,"href":"https:\/\/17radio.org\/index.php\/wp-json\/wp\/v2\/users\/1"}],"replies":[{"embeddable":true,"href":"https:\/\/17radio.org\/index.php\/wp-json\/wp\/v2\/comments?post=1545"}],"version-history":[{"count":7,"href":"https:\/\/17radio.org\/index.php\/wp-json\/wp\/v2\/pages\/1545\/revisions"}],"predecessor-version":[{"id":2332,"href":"https:\/\/17radio.org\/index.php\/wp-json\/wp\/v2\/pages\/1545\/revisions\/2332"}],"wp:attachment":[{"href":"https:\/\/17radio.org\/index.php\/wp-json\/wp\/v2\/media?parent=1545"}],"wp:term":[{"taxonomy":"category","embeddable":true,"href":"https:\/\/17radio.org\/index.php\/wp-json\/wp\/v2\/categories?post=1545"},{"taxonomy":"post_tag","embeddable":true,"href":"https:\/\/17radio.org\/index.php\/wp-json\/wp\/v2\/tags?post=1545"}],"curies":[{"name":"wp","href":"https:\/\/api.w.org\/{rel}","templated":true}]}}