{"id":1190,"date":"2023-03-28T14:46:19","date_gmt":"2023-03-28T14:46:19","guid":{"rendered":"https:\/\/17radio.org\/?page_id=1190"},"modified":"2023-08-27T21:37:44","modified_gmt":"2023-08-27T21:37:44","slug":"propuestas-para-17-radio","status":"publish","type":"page","link":"https:\/\/17radio.org\/index.php\/propuestas-para-17-radio\/","title":{"rendered":"Propuestas para 17, Radio"},"content":{"rendered":"<p><span style=\"font-weight: 400;\">17, Radio contempla incorporar a su programaci\u00f3n proyectos sonoros y transmedia que contribuyan a la convivencia de una colectividad de escuchas, as\u00ed como a la formaci\u00f3n de una audiencia cada vez m\u00e1s activa y cr\u00edtica.\u00a0<\/span><\/p>\n<p><span style=\"font-weight: 400;\">Si deseas que tu propuesta transmedia\/sonora\/radiof\u00f3nica sea transmitida por 17, Radio, env\u00edala a los siguientes correos electr\u00f3nicos: <\/span><a href=\"mailto:radioproduccion@17edu.org\"><span style=\"font-weight: 400;\">radioproduccion@17edu.org<\/span><\/a><span style=\"font-weight: 400;\"> y <\/span><a href=\"mailto:radio@17edu.org\"><span style=\"font-weight: 400;\">radio@17edu.org.<\/span><\/a><\/p>\n<p><span style=\"font-weight: 400;\">Los trabajos que recibamos en formato de podcast, fanzine sonoro, ficci\u00f3n radiof\u00f3nica, paisaje auditivo y otras propuestas radiales innovadoras que incorporen elementos visuales y transmedia ser\u00e1n revisadas por el Consejo de 17, Radio, quien determinar\u00e1 la viabilidad de su transmisi\u00f3n.\u00a0<\/span><\/p>\n<p><span style=\"font-weight: 400;\">Los trabajos no deber\u00e1n contener m\u00fasica o im\u00e1genes por las que hubiera que pagar derechos.\u00a0<\/span><\/p>\n<p><span style=\"font-weight: 400;\">Duraci\u00f3n: Entre los 10 minutos y 60 minutos.<\/span><\/p>\n","protected":false},"excerpt":{"rendered":"<p>17, Radio contempla incorporar a su programaci\u00f3n proyectos sonoros y transmedia que contribuyan a la convivencia de una colectividad de escuchas, as\u00ed como a la formaci\u00f3n de una audiencia cada vez m\u00e1s activa y cr\u00edtica.\u00a0 Si deseas que tu propuesta transmedia\/sonora\/radiof\u00f3nica sea transmitida por 17, Radio, env\u00edala a los siguientes correos electr\u00f3nicos: radioproduccion@17edu.org y radio@17edu.org. [&hellip;]<\/p>\n","protected":false},"author":1,"featured_media":0,"parent":0,"menu_order":0,"comment_status":"closed","ping_status":"closed","template":"","meta":{"_acf_changed":false,"footnotes":""},"categories":[],"tags":[],"class_list":["post-1190","page","type-page","status-publish","hentry"],"acf":[],"_links":{"self":[{"href":"https:\/\/17radio.org\/index.php\/wp-json\/wp\/v2\/pages\/1190","targetHints":{"allow":["GET"]}}],"collection":[{"href":"https:\/\/17radio.org\/index.php\/wp-json\/wp\/v2\/pages"}],"about":[{"href":"https:\/\/17radio.org\/index.php\/wp-json\/wp\/v2\/types\/page"}],"author":[{"embeddable":true,"href":"https:\/\/17radio.org\/index.php\/wp-json\/wp\/v2\/users\/1"}],"replies":[{"embeddable":true,"href":"https:\/\/17radio.org\/index.php\/wp-json\/wp\/v2\/comments?post=1190"}],"version-history":[{"count":5,"href":"https:\/\/17radio.org\/index.php\/wp-json\/wp\/v2\/pages\/1190\/revisions"}],"predecessor-version":[{"id":1444,"href":"https:\/\/17radio.org\/index.php\/wp-json\/wp\/v2\/pages\/1190\/revisions\/1444"}],"wp:attachment":[{"href":"https:\/\/17radio.org\/index.php\/wp-json\/wp\/v2\/media?parent=1190"}],"wp:term":[{"taxonomy":"category","embeddable":true,"href":"https:\/\/17radio.org\/index.php\/wp-json\/wp\/v2\/categories?post=1190"},{"taxonomy":"post_tag","embeddable":true,"href":"https:\/\/17radio.org\/index.php\/wp-json\/wp\/v2\/tags?post=1190"}],"curies":[{"name":"wp","href":"https:\/\/api.w.org\/{rel}","templated":true}]}}