{"id":1178,"date":"2023-03-15T23:09:21","date_gmt":"2023-03-15T23:09:21","guid":{"rendered":"https:\/\/17radio.org\/?page_id=1178"},"modified":"2025-10-29T17:13:47","modified_gmt":"2025-10-29T17:13:47","slug":"gabriela-olivo-de-alba-coordinadora","status":"publish","type":"page","link":"https:\/\/17radio.org\/index.php\/gabriela-olivo-de-alba-coordinadora\/","title":{"rendered":"Gabriela Olivo de Alba"},"content":{"rendered":"<p>Narradora y permormer. Exdirectora de FCE Per\u00fa. Es licenciada en Literatura Dram\u00e1tica y Teatro; maestra en Historia del Arte por la UNAM y m\u00e1ster en Escritura Creativa por la Universidad de Salamanca. Doctora en Teor\u00eda Cr\u00edtica por 17, Instituto de Estudios Cr\u00edticos (2025). Agregada cultural de M\u00e9xico en Venezuela en dos per\u00edodos distintos (1995-2002) y (2008-2014). Tuvo a su cargo la realizaci\u00f3n y conducci\u00f3n del programa radiof\u00f3nico M\u00e9xico: su cultura hoy, transmitido por la Emisora Cultural de Caracas.<\/p>\n<p>Particip\u00f3 en la curadur\u00eda de exposiciones de arte mexicano en el Museo de Arte Contempor\u00e1neo de Caracas y en el Museo de Bellas Artes. Fue reconocida como Personalidad destacada, por AICA Venezuela en 2013. La editorial Lector C\u00f3mplice en Venezuela public\u00f3 en 2014 dos libros de su autor\u00eda: Ojo de la cerradura y Vientre primerizo.<\/p>\n<p>Forma parte del Claustro de tutores de 17, Instituto de Estudios\u00a0Cr\u00edticos.<\/p>\n","protected":false},"excerpt":{"rendered":"<p>Narradora y permormer. Exdirectora de FCE Per\u00fa. Es licenciada en Literatura Dram\u00e1tica y Teatro; maestra en Historia del Arte por la UNAM y m\u00e1ster en Escritura Creativa por la Universidad de Salamanca. Doctora en Teor\u00eda Cr\u00edtica por 17, Instituto de Estudios Cr\u00edticos (2025). Agregada cultural de M\u00e9xico en Venezuela en dos per\u00edodos distintos (1995-2002) y [&hellip;]<\/p>\n","protected":false},"author":1,"featured_media":0,"parent":0,"menu_order":0,"comment_status":"closed","ping_status":"closed","template":"","meta":{"_acf_changed":false,"footnotes":""},"categories":[],"tags":[],"class_list":["post-1178","page","type-page","status-publish","hentry"],"acf":[],"_links":{"self":[{"href":"https:\/\/17radio.org\/index.php\/wp-json\/wp\/v2\/pages\/1178","targetHints":{"allow":["GET"]}}],"collection":[{"href":"https:\/\/17radio.org\/index.php\/wp-json\/wp\/v2\/pages"}],"about":[{"href":"https:\/\/17radio.org\/index.php\/wp-json\/wp\/v2\/types\/page"}],"author":[{"embeddable":true,"href":"https:\/\/17radio.org\/index.php\/wp-json\/wp\/v2\/users\/1"}],"replies":[{"embeddable":true,"href":"https:\/\/17radio.org\/index.php\/wp-json\/wp\/v2\/comments?post=1178"}],"version-history":[{"count":5,"href":"https:\/\/17radio.org\/index.php\/wp-json\/wp\/v2\/pages\/1178\/revisions"}],"predecessor-version":[{"id":2327,"href":"https:\/\/17radio.org\/index.php\/wp-json\/wp\/v2\/pages\/1178\/revisions\/2327"}],"wp:attachment":[{"href":"https:\/\/17radio.org\/index.php\/wp-json\/wp\/v2\/media?parent=1178"}],"wp:term":[{"taxonomy":"category","embeddable":true,"href":"https:\/\/17radio.org\/index.php\/wp-json\/wp\/v2\/categories?post=1178"},{"taxonomy":"post_tag","embeddable":true,"href":"https:\/\/17radio.org\/index.php\/wp-json\/wp\/v2\/tags?post=1178"}],"curies":[{"name":"wp","href":"https:\/\/api.w.org\/{rel}","templated":true}]}}