{"id":1171,"date":"2023-03-14T23:30:28","date_gmt":"2023-03-14T23:30:28","guid":{"rendered":"https:\/\/17radio.org\/?page_id=1171"},"modified":"2023-03-14T23:30:28","modified_gmt":"2023-03-14T23:30:28","slug":"quienes-somos","status":"publish","type":"page","link":"https:\/\/17radio.org\/index.php\/quienes-somos\/","title":{"rendered":"\u00bfQui\u00e9nes somos?"},"content":{"rendered":"<p>La programaci\u00f3n de\u00a0<strong>17, Radio\u00a0<\/strong>entreteje\u00a0los intereses y contenidos de las distintas \u00e1reas de\u00a0<strong>17, Instituto de Estudios Cr\u00edticos<\/strong>\u00a0ampliando la colaboraci\u00f3n e interlocuci\u00f3n con entes afines.\u00a0<strong>17, Radio\u00a0<\/strong>explora\u00a0la producci\u00f3n radiof\u00f3nica en su dimensi\u00f3n de pieza sonora abierta a cruces h\u00edbridos transdisciplinarios. Con el recurso del video y otras f\u00f3rmulas gr\u00e1ficas,\u00a0 proponemos enriquecer la experiencia perceptiva entre los diversos p\u00fablicos y audiencias.<\/p>\n<p>17, Instituto de Estudios Cr\u00edticos se ha propuesto para los pr\u00f3ximos a\u00f1os un proyecto de largo aliento que operar\u00e1 como un laboratorio din\u00e1mico de innovaci\u00f3n de contenidos y formas.\u00a0\u00a0A manera de laboratorio continuo, ensayaremos formatos como el podcast y el fanzine sonoro.<\/p>\n","protected":false},"excerpt":{"rendered":"<p>La programaci\u00f3n de\u00a017, Radio\u00a0entreteje\u00a0los intereses y contenidos de las distintas \u00e1reas de\u00a017, Instituto de Estudios Cr\u00edticos\u00a0ampliando la colaboraci\u00f3n e interlocuci\u00f3n con entes afines.\u00a017, Radio\u00a0explora\u00a0la producci\u00f3n radiof\u00f3nica en su dimensi\u00f3n de pieza sonora abierta a cruces h\u00edbridos transdisciplinarios. Con el recurso del video y otras f\u00f3rmulas gr\u00e1ficas,\u00a0 proponemos enriquecer la experiencia perceptiva entre los diversos p\u00fablicos [&hellip;]<\/p>\n","protected":false},"author":1,"featured_media":0,"parent":0,"menu_order":0,"comment_status":"closed","ping_status":"closed","template":"","meta":{"_acf_changed":false,"footnotes":""},"categories":[],"tags":[],"class_list":["post-1171","page","type-page","status-publish","hentry"],"acf":[],"_links":{"self":[{"href":"https:\/\/17radio.org\/index.php\/wp-json\/wp\/v2\/pages\/1171","targetHints":{"allow":["GET"]}}],"collection":[{"href":"https:\/\/17radio.org\/index.php\/wp-json\/wp\/v2\/pages"}],"about":[{"href":"https:\/\/17radio.org\/index.php\/wp-json\/wp\/v2\/types\/page"}],"author":[{"embeddable":true,"href":"https:\/\/17radio.org\/index.php\/wp-json\/wp\/v2\/users\/1"}],"replies":[{"embeddable":true,"href":"https:\/\/17radio.org\/index.php\/wp-json\/wp\/v2\/comments?post=1171"}],"version-history":[{"count":1,"href":"https:\/\/17radio.org\/index.php\/wp-json\/wp\/v2\/pages\/1171\/revisions"}],"predecessor-version":[{"id":1172,"href":"https:\/\/17radio.org\/index.php\/wp-json\/wp\/v2\/pages\/1171\/revisions\/1172"}],"wp:attachment":[{"href":"https:\/\/17radio.org\/index.php\/wp-json\/wp\/v2\/media?parent=1171"}],"wp:term":[{"taxonomy":"category","embeddable":true,"href":"https:\/\/17radio.org\/index.php\/wp-json\/wp\/v2\/categories?post=1171"},{"taxonomy":"post_tag","embeddable":true,"href":"https:\/\/17radio.org\/index.php\/wp-json\/wp\/v2\/tags?post=1171"}],"curies":[{"name":"wp","href":"https:\/\/api.w.org\/{rel}","templated":true}]}}